{"id":439,"date":"2022-08-14T15:05:41","date_gmt":"2022-08-14T15:05:41","guid":{"rendered":"https:\/\/vijaifoundationswiss.com\/?page_id=439"},"modified":"2022-08-14T15:25:11","modified_gmt":"2022-08-14T15:25:11","slug":"mullaitivu","status":"publish","type":"page","link":"https:\/\/vijaifoundationswiss.com\/en\/mullaitivu\/","title":{"rendered":"Mullaitivu"},"content":{"rendered":"<div data-elementor-type=\"wp-page\" data-elementor-id=\"439\" class=\"elementor elementor-439\">\n\t\t\t\t\t\t\t\t\t<section class=\"elementor-section elementor-top-section elementor-element elementor-element-41ee7b8 elementor-section-full_width elementor-section-height-default elementor-section-height-default\" data-id=\"41ee7b8\" data-element_type=\"section\">\n\t\t\t\t\t\t<div class=\"elementor-container elementor-column-gap-default\">\n\t\t\t\t\t<div class=\"elementor-column elementor-col-100 elementor-top-column elementor-element elementor-element-fe4849a\" data-id=\"fe4849a\" data-element_type=\"column\" data-settings=\"{&quot;background_background&quot;:&quot;classic&quot;}\">\n\t\t\t<div class=\"elementor-widget-wrap elementor-element-populated\">\n\t\t\t\t\t\t\t\t<div class=\"elementor-element elementor-element-6679daf elementor-widget elementor-widget-spacer\" data-id=\"6679daf\" data-element_type=\"widget\" data-widget_type=\"spacer.default\">\n\t\t\t\t<div class=\"elementor-widget-container\">\n\t\t\t<style>\/*! elementor - v3.7.8 - 02-10-2022 *\/\n.elementor-column .elementor-spacer-inner{height:var(--spacer-size)}.e-container{--container-widget-width:100%}.e-container>.elementor-widget-spacer{width:var(--container-widget-width,var(--spacer-size));-ms-flex-item-align:stretch;align-self:stretch;-ms-flex-negative:0;flex-shrink:0}.e-container>.elementor-widget-spacer>.elementor-widget-container,.e-container>.elementor-widget-spacer>.elementor-widget-container>.elementor-spacer{height:100%}.e-container>.elementor-widget-spacer>.elementor-widget-container>.elementor-spacer>.elementor-spacer-inner{height:var(--container-widget-height,var(--spacer-size))}<\/style>\t\t<div class=\"elementor-spacer\">\n\t\t\t<div class=\"elementor-spacer-inner\"><\/div>\n\t\t<\/div>\n\t\t\t\t<\/div>\n\t\t\t\t<\/div>\n\t\t\t\t<div class=\"elementor-element elementor-element-108bfcc elementor-widget elementor-widget-heading\" data-id=\"108bfcc\" data-element_type=\"widget\" data-widget_type=\"heading.default\">\n\t\t\t\t<div class=\"elementor-widget-container\">\n\t\t\t<style>\/*! elementor - v3.7.8 - 02-10-2022 *\/\n.elementor-heading-title{padding:0;margin:0;line-height:1}.elementor-widget-heading .elementor-heading-title[class*=elementor-size-]>a{color:inherit;font-size:inherit;line-height:inherit}.elementor-widget-heading .elementor-heading-title.elementor-size-small{font-size:15px}.elementor-widget-heading .elementor-heading-title.elementor-size-medium{font-size:19px}.elementor-widget-heading .elementor-heading-title.elementor-size-large{font-size:29px}.elementor-widget-heading .elementor-heading-title.elementor-size-xl{font-size:39px}.elementor-widget-heading .elementor-heading-title.elementor-size-xxl{font-size:59px}<\/style><h2 class=\"elementor-heading-title elementor-size-default\">Mullaitivu<\/h2>\t\t<\/div>\n\t\t\t\t<\/div>\n\t\t\t\t<div class=\"elementor-element elementor-element-7507bad elementor-widget elementor-widget-spacer\" data-id=\"7507bad\" data-element_type=\"widget\" data-widget_type=\"spacer.default\">\n\t\t\t\t<div class=\"elementor-widget-container\">\n\t\t\t\t\t<div class=\"elementor-spacer\">\n\t\t\t<div class=\"elementor-spacer-inner\"><\/div>\n\t\t<\/div>\n\t\t\t\t<\/div>\n\t\t\t\t<\/div>\n\t\t\t\t\t<\/div>\n\t\t<\/div>\n\t\t\t\t\t\t\t<\/div>\n\t\t<\/section>\n\t\t\t\t<section class=\"elementor-section elementor-top-section elementor-element elementor-element-a901ccd elementor-section-boxed elementor-section-height-default elementor-section-height-default\" data-id=\"a901ccd\" data-element_type=\"section\">\n\t\t\t\t\t\t<div class=\"elementor-container elementor-column-gap-default\">\n\t\t\t\t\t<div class=\"elementor-column elementor-col-50 elementor-top-column elementor-element elementor-element-fae84f5\" data-id=\"fae84f5\" data-element_type=\"column\">\n\t\t\t<div class=\"elementor-widget-wrap elementor-element-populated\">\n\t\t\t\t\t\t\t\t<div class=\"elementor-element elementor-element-66225f3 elementor-widget elementor-widget-heading\" data-id=\"66225f3\" data-element_type=\"widget\" data-widget_type=\"heading.default\">\n\t\t\t\t<div class=\"elementor-widget-container\">\n\t\t\t<h2 class=\"elementor-heading-title elementor-size-default\"><u>Projekt 1 <\/u><br>Project 1 - Distributing Bicycles and School Equipments (2017, Mullaitivu &amp; Killinochchi)\nThe first thing I bought with my savings were bicycles for the kids in Mullaitivu so they could safely travel from home to school and vice versa. I wanted this experience to be memorable. That\u2019s why I decided to hand over the bicycle by myself. The reaction of the kids when they received the bicycle were priceless. They couldn\u2019t believe that they got a brand new bicycle gifted. It took them a moment to process their emotions. Seeing them happy made me happy. But this wasn\u2019t enough. I wanted to do more. To fullfill that wish I went to the Maha Vithyalayam school in Killinochchi. My thought was to give the kids something that had an actual use for them at school. The two things that instantly striked my mind were schoolbooks and schoolbags. Without thinking twice I organised both the items and distributed it to them at the school.<\/h2>\t\t<\/div>\n\t\t\t\t<\/div>\n\t\t\t\t\t<\/div>\n\t\t<\/div>\n\t\t\t\t<div class=\"elementor-column elementor-col-50 elementor-top-column elementor-element elementor-element-7931801\" data-id=\"7931801\" data-element_type=\"column\">\n\t\t\t<div class=\"elementor-widget-wrap elementor-element-populated\">\n\t\t\t\t\t\t\t\t<div class=\"elementor-element elementor-element-b37f83e elementor-widget elementor-widget-spacer\" data-id=\"b37f83e\" data-element_type=\"widget\" data-widget_type=\"spacer.default\">\n\t\t\t\t<div class=\"elementor-widget-container\">\n\t\t\t\t\t<div class=\"elementor-spacer\">\n\t\t\t<div class=\"elementor-spacer-inner\"><\/div>\n\t\t<\/div>\n\t\t\t\t<\/div>\n\t\t\t\t<\/div>\n\t\t\t\t<div class=\"elementor-element elementor-element-60936ac elementor-widget elementor-widget-image\" data-id=\"60936ac\" data-element_type=\"widget\" data-widget_type=\"image.default\">\n\t\t\t\t<div class=\"elementor-widget-container\">\n\t\t\t<style>\/*! elementor - v3.7.8 - 02-10-2022 *\/\n.elementor-widget-image{text-align:center}.elementor-widget-image a{display:inline-block}.elementor-widget-image a img[src$=\".svg\"]{width:48px}.elementor-widget-image img{vertical-align:middle;display:inline-block}<\/style>\t\t\t\t\t\t\t\t\t\t\t\t<img width=\"1200\" height=\"700\" src=\"https:\/\/vijaifoundationswiss.com\/wp-content\/uploads\/2022\/08\/WhatsApp-Image-2022-07-09-at-10.35.52-1200x700.jpeg\" class=\"attachment-ocean-thumb-l size-ocean-thumb-l\" alt=\"\" loading=\"lazy\" \/>\t\t\t\t\t\t\t\t\t\t\t\t\t\t\t<\/div>\n\t\t\t\t<\/div>\n\t\t\t\t\t<\/div>\n\t\t<\/div>\n\t\t\t\t\t\t\t<\/div>\n\t\t<\/section>\n\t\t\t\t\t\t\t<\/div>","protected":false},"excerpt":{"rendered":"<p>Mullaitivu Projekt 1 Verteilung von Fahrr\u00e4dern und Schulausr\u00fcstungen (2017, Mullaitivu &amp; Killinochchi) Das erste, was ich mit meinen Ersparnissen kaufte, waren Fahrr\u00e4der f\u00fcr die Kinder in Mullaitivu, damit sie sicher von zu Hause zur Schule und wieder von der Schule zur\u00fcck nach Hause fahren konnten. Ich wollte, dass diese Erfahrung unvergesslich bleibt. Deshalb beschloss ich, [&hellip;]<\/p>","protected":false},"author":1,"featured_media":0,"parent":0,"menu_order":0,"comment_status":"closed","ping_status":"closed","template":"","meta":[],"_links":{"self":[{"href":"https:\/\/vijaifoundationswiss.com\/en\/wp-json\/wp\/v2\/pages\/439"}],"collection":[{"href":"https:\/\/vijaifoundationswiss.com\/en\/wp-json\/wp\/v2\/pages"}],"about":[{"href":"https:\/\/vijaifoundationswiss.com\/en\/wp-json\/wp\/v2\/types\/page"}],"author":[{"embeddable":true,"href":"https:\/\/vijaifoundationswiss.com\/en\/wp-json\/wp\/v2\/users\/1"}],"replies":[{"embeddable":true,"href":"https:\/\/vijaifoundationswiss.com\/en\/wp-json\/wp\/v2\/comments?post=439"}],"version-history":[{"count":16,"href":"https:\/\/vijaifoundationswiss.com\/en\/wp-json\/wp\/v2\/pages\/439\/revisions"}],"predecessor-version":[{"id":490,"href":"https:\/\/vijaifoundationswiss.com\/en\/wp-json\/wp\/v2\/pages\/439\/revisions\/490"}],"wp:attachment":[{"href":"https:\/\/vijaifoundationswiss.com\/en\/wp-json\/wp\/v2\/media?parent=439"}],"curies":[{"name":"wp","href":"https:\/\/api.w.org\/{rel}","templated":true}]}}